{"id":385,"date":"2025-05-30T09:38:23","date_gmt":"2025-05-30T09:38:23","guid":{"rendered":"https:\/\/automobilebavaria.ro\/mini\/?page_id=385"},"modified":"2025-07-08T10:25:19","modified_gmt":"2025-07-08T10:25:19","slug":"noul-mini-electric","status":"publish","type":"page","link":"https:\/\/automobilebavaria.ro\/mini\/noul-mini-electric\/","title":{"rendered":"Noul MINI ELECTRIC"},"content":{"rendered":"\t\t<div data-elementor-type=\"wp-page\" data-elementor-id=\"385\" class=\"elementor elementor-385\" data-elementor-post-type=\"page\">\n\t\t\t\t<div class=\"elementor-element elementor-element-6619551a e-con-full e-flex e-con e-parent\" data-id=\"6619551a\" data-element_type=\"container\" data-e-type=\"container\">\n\t\t\t\t<div class=\"elementor-element elementor-element-855481c elementor-widget elementor-widget-html\" data-id=\"855481c\" data-element_type=\"widget\" data-e-type=\"widget\" data-widget_type=\"html.default\">\n\t\t\t\t<div class=\"elementor-widget-container\">\n\t\t\t\t\t<div class=\"ds2-component ds2-tracking-aware ds2-stage-teaser slider-header\">\n  <div class=\"ds2-slider\">\n    <div class=\"ds2-slider--main ds2-stage-teaser--grid-layout ds2-img-min-sizing-xxl \">\n      <div class=\"ds2-stage-teaser-item ds2-stage-teaser-grid-mode ds2-disclaimer--asterix-on ds2-stage-teaser-number-0 ds2-stage-teaser-number-0 ds2-stage-teaser-item--link\">\n        <div class=\"partial-img-txt shop-the-look--active-tablet-up\">\n          <div class=\"ds2-stage-teaser-item__content-container ds2-stage-slider--keyvisual-cta-location show-for-large-up ds2-stage-teaser-text-top ds2-stage-teaser-secondary-button-white\" style=\"width: 60%; left: 5%; top: 0%\">\n            <h2 class=\"ds2-stage-slider--title ds2-no-uppercase-font-uc ds2-font-xxl\">ALEGE MINI ELECTRIC. <\/h2>\n            <div class=\"ds2-subbrand-icon--container\">\n              <h3 class=\"ds2-stage-slider--subtitle ds2-subbrand-icon--subheadline ds2-font-l\">DE LA 19,800 EURO+TVA, CU ECOTICHET. LIVRARE RAPIDA DIN STOC.\n\n <\/h3>\n            <\/div>\n            <ul class=\"ds2-buttonlist\" data-buttoncount=\"1\">\n              <li class=\"ds2-buttonlist--item ds2-buttonlist--max-width\"><a href=\"#oferte\" title=\"Afl\u0103 mai multe\" class=\"button standard expand ds2-tracking-js--event ds2-accessibility\" target=\"_self\" data-component-initialized=\"true\"><span class=\"ds2-button--responsive-line\">VEZI OFERTELE<\/span><\/a><\/li>\n            <\/ul>\n          <\/div>\n          <span class=\"ds2-slider--img-outer\">\n          <picture data-mobile-aspect-ratio=\"1.00\" data-desktop-aspect-ratio=\"2.22\">\n            <source srcset=\"https:\/\/automobilebavaria.ro\/mini\/wp-content\/uploads\/2025\/06\/MINI-E-Mobile-site-copy.jpg 520w\" media=\"(max-width: 520px)\">\n            <source srcset=\"https:\/\/automobilebavaria.ro\/mini\/wp-content\/uploads\/2025\/06\/Website-MINI-E-banner-copy.jpg 1680w\" media=\"(min-width: 981px)\">\n            <img decoding=\"async\" importance=\"high\" title=\"OFERTE BMW - Automobile Bavaria\" class=\"ds2-slider--img\" alt=\"OFERTE BMW - Automobile Bavaria\" src=\"https:\/\/automobilebavaria.ro\/mini\/wp-content\/uploads\/2025\/06\/Website-MINI-E-banner-copy.jpg\"><\/picture>\n          <div class=\"gradient gradient--dark hide-for-large-up\"><\/div>\n          <\/span>\n          <div class=\"partial-content ds2-stage-teaser-text-top ds2-stage-teaser-secondary-button-white show-for-medium-down\">\n            <div class=\"gradient-mobile-for-small-only show-for-small-only\"><\/div>\n            <div class=\"partial-txt ds2-stage-slider--keyvisual-cta-location\" style=\"position: relative;\">\n              <h2 class=\"ds2--title ds2-no-uppercase-font-uc ds2-font-xxl\">>ALEGE MINI ELECTRIC.<\/h2>\n              <div class=\"ds2-subbrand-icon--container\">\n                <h3 class=\"ds2--subtitle ds2-subbrand-icon--subheadline ds2-font-l\">DE LA 19,800 EURO+TVA, CU ECOTICHET. LIVRARE RAPIDA DIN STOC.<\/h3>\n              <\/div>\n            <\/div>\n          <\/div>\n        <\/div>\n        <div class=\"partial-buttons dark hide-for-large-up ds2-stage-teaser-secondary-button-white shop-the-look--active-mobile\">\n          <ul class=\"ds2-buttonlist\" data-buttoncount=\"1\">\n            <li class=\"ds2-buttonlist--item ds2-buttonlist--max-width\"><a href=\"#oferte\" title=\"Afl\u0103 mai multe\" class=\"button standard expand ds2-tracking-js--event ds2-accessibility\" target=\"_self\" data-component-initialized=\"true\"><span class=\"ds2-button--responsive-line\">VEZI OFERTELE<\/span><\/a><\/li>\n          <\/ul>\n        <\/div>\n      <\/div>\n    <\/div>\n\n  <\/div>\n<\/div>\n\t\t\t\t<\/div>\n\t\t\t\t<\/div>\n\t\t\t\t<\/div>\n\t\t<div class=\"elementor-element elementor-element-3f463b6 e-flex e-con-boxed e-con e-parent\" data-id=\"3f463b6\" data-element_type=\"container\" data-e-type=\"container\">\n\t\t\t\t\t<div class=\"e-con-inner\">\n\t\t\t\t<div class=\"elementor-element elementor-element-18a42f3f elementor-widget elementor-widget-text-editor\" data-id=\"18a42f3f\" data-element_type=\"widget\" data-e-type=\"widget\" data-widget_type=\"text-editor.default\">\n\t\t\t\t<div class=\"elementor-widget-container\">\n\t\t\t\t\t\t\t\t\t<p>*Pre\u021bul final este calculat prin sc\u0103derea din pre\u021bul standard a contravalorii \u00een euro a ecotichetului \u00een valoare de 37.000 lei (prin Programul Rabla 2025), aferent unei ma\u0219ini casate, precum \u0219i a reducerii comerciale oferite de Automobile Bavaria. Ob\u021binerea ecotichetului este responsabilitatea cump\u0103r\u0103torului.<\/p><p>\u00a0<\/p><p>*Oferta este valabil\u0103 pentru finan\u021b\u0103ri \u00een EURO, cu o dob\u00e2nd\u0103 fix\u0103 de 1,99% pe o perioad\u0103 de maximum 36 de luni \u0219i o valoare rezidual\u0103 de 1%. Aceast\u0103 ofert\u0103 este destinat\u0103 exclusiv persoanelor juridice, este disponibil\u0103 doar prin partenerii Automobile Bavaria, \u0219i este supus\u0103 unor termene \u0219i condi\u021bii. Oferta este valabil\u0103 p\u00e2n\u0103 la data de 30.06.2025, dar poate fi modificat\u0103, retras\u0103 sau prelungit\u0103 \u00een orice moment. Aprobarea clientului este condi\u021bionat\u0103 de respectarea criteriilor interne ale UniCredit Leasing Corporation IFN SA.<\/p><p>\u00a0<\/p><p>*\u00cen conformitate cu prevederile Legii nr. 52\/2003 privind transparen\u0163a decizional\u0103 \u00een administra\u0163ia public\u0103, republicat\u0103, Ministerul Mediului, Apelor \u0219i P\u0103durilor supune consult\u0103rii publice, proiectul de Ordin al ministrului mediului, apelor \u0219i p\u0103durilor pentru modificarea Ghidului de finan\u0163are a Programului privind reducerea emisiilor de gaze cu efect de ser\u0103 \u00een transporturi, prin promovarea vehiculelor de transport rutier nepoluante \u015fi eficiente din punct de vedere energetic, 2020-2024, aprobat prin Ordinul ministrului mediului, apelor \u015fi p\u0103durilor nr. 323\/2020.<\/p>\t\t\t\t\t\t\t\t<\/div>\n\t\t\t\t<\/div>\n\t\t\t\t<div class=\"elementor-element elementor-element-2c2228ea elementor-widget elementor-widget-text-editor\" data-id=\"2c2228ea\" data-element_type=\"widget\" data-e-type=\"widget\" data-widget_type=\"text-editor.default\">\n\t\t\t\t<div class=\"elementor-widget-container\">\n\t\t\t\t\t\t\t\t\t<p>Descoper\u0103 noi experien\u021be urbane la volanul modelelor MINI Electric \u0219i las\u0103-te purtat de senza\u021bia electrizant\u0103 \u0219i de o nou\u0103 dinamic\u0103 a c\u0103l\u0103toriei, cu zero emisii. Ai confort, inova\u021bie, minimalism \u0219i o nou\u0103 experien\u021b\u0103 senzorial\u0103 .<\/p><p>\u00a0<\/p><p>Alege una dintre colec\u0163iile noastre de stiluri special create. Selecteaz\u0103 nivelul de performan\u0163\u0103. Apoi alege modelul care \u0163i se potrive\u015fte cel mai bine. Disponibil acum la <strong>AUTOMOBILE BAVARIA<\/strong> \u00een ofert\u0103 limitat\u0103 cu <strong>Ecotichet Rabla 2025.<\/strong><\/p>\t\t\t\t\t\t\t\t<\/div>\n\t\t\t\t<\/div>\n\t\t\t\t\t<\/div>\n\t\t\t\t<\/div>\n\t\t<div class=\"elementor-element elementor-element-870d5e0 e-flex e-con-boxed e-con e-parent\" data-id=\"870d5e0\" data-element_type=\"container\" data-e-type=\"container\" id=\"oferte\">\n\t\t\t\t\t<div class=\"e-con-inner\">\n\t\t\t\t<div class=\"elementor-element elementor-element-f3591ad elementor-widget elementor-widget-shortcode\" data-id=\"f3591ad\" data-element_type=\"widget\" data-e-type=\"widget\" data-widget_type=\"shortcode.default\">\n\t\t\t\t<div class=\"elementor-widget-container\">\n\t\t\t\t\t\t\t<div class=\"elementor-shortcode\">    <form id=\"filtrare-jocuri\">\n        <input type=\"hidden\" name=\"campanie\" id=\"campanie\" value=\"Mini-Electric\">\n        <div class=\"filter-sort-reset\" style=\"margin-bottom: 30px;\">\n            <div class=\"filters\">\n                <div class=\"ui-group\">\n                    <span class=\"wpcf7-form-control-wrap dealers\">\n                        <div class=\"wpcf7-select-parent\">\n                                                            <select name=\"categorie\" id=\"categorie\" class=\"filter-select\" aria-required=\"true\" aria-invalid=\"false\">\n                                    <option value=\"\" hidden=\"\" disabled=\"\" selected=\"\">Alege modelul<\/option>\n                                    <option value=\"\">Toate modelele MINI<\/option>\n                                                                            <option value=\"mini-aceman-se\">MINI ACEMAN SE<\/option>\n                                                                            <option value=\"mini-aceman-e\">MINI ACEMAN E<\/option>\n                                                                            <option value=\"mini-cooper-e\">MINI COOPER E<\/option>\n                                                                            <option value=\"mini-cooper-se\">MINI COOPER SE<\/option>\n                                                                    <\/select>\n                                                    <\/div>\n                    <\/span>\n                <\/div>\n\n                <div class=\"ui-group\">\n                    <span class=\"wpcf7-form-control-wrap dealers\">\n                        <div class=\"wpcf7-select-parent\">\n                            <select name=\"tipmasina\" id=\"tipmasina\" class=\"filter-select\" aria-required=\"true\" aria-invalid=\"false\">\n                                <option value=\"\">Nou \/ Rulat<\/option>\n                                <option value=\"new car\">Automobil nou<\/option>\n                                <option value=\"used car\">Automobil rulat<\/option>\n                            <\/select>\n                        <\/div>\n                    <\/span>\n                <\/div>\n\n                <div class=\"ui-group\">\n                    <span class=\"wpcf7-form-control-wrap dealers\">\n                        <div class=\"wpcf7-select-parent\">\n                            <select name=\"sort\" id=\"sort\" class=\"filter-select\" aria-required=\"true\" aria-invalid=\"false\">\n                                <option value=\"\">Pre\u021b<\/option>\n                                <option value=\"ASC\">Cresc\u0103tor<\/option>\n                                <option value=\"DESC\">Descresc\u0103tor<\/option>\n                            <\/select>\n                        <\/div>\n                    <\/span>\n                <\/div>\n            <\/div>\n        <\/div>\n    <\/form>\n    <div id=\"model-results\"><\/div>\n    <script>\n        jQuery(document).ready(function($) {\n            var ajaxurl = \"https:\/\/automobilebavaria.ro\/mini\/wp-admin\/admin-ajax.php\";\n            var page_id = 385;\n\n            function filtrareAjax() {\n                var categorie = $('#categorie').val();\n                var tipmasina = $('#tipmasina').val();\n                var sort = $('#sort').val();\n                var campanie = $('#campanie').val(); \/\/ Prelu\u0103m valoarea campaniei din formular\n\n                $.ajax({\n                    url: ajaxurl,\n                    type: 'POST',\n                    data: {\n                        action: 'filtrare_jocuri',\n                        categorie: categorie,\n                        tipmasina: tipmasina,\n                        sort: sort,\n                        campanie: campanie,\n                        page_id: page_id\n                    },\n                    success: function(response) {\n                        $('#model-results').html(response);\n                    }\n                });\n            }\n\n            $('#categorie, #tipmasina, #sort').change(function() {\n                filtrareAjax();\n            });\n\n            filtrareAjax();\n        });\n    <\/script>\n    <\/div>\n\t\t\t\t\t\t<\/div>\n\t\t\t\t<\/div>\n\t\t\t\t\t<\/div>\n\t\t\t\t<\/div>\n\t\t<div class=\"elementor-element elementor-element-7e6128ae e-flex e-con-boxed e-con e-parent\" data-id=\"7e6128ae\" data-element_type=\"container\" data-e-type=\"container\" id=\"formular\">\n\t\t\t\t\t<div class=\"e-con-inner\">\n\t\t\t\t<div class=\"elementor-element elementor-element-5f735dc7 elementor-widget elementor-widget-text-editor\" data-id=\"5f735dc7\" data-element_type=\"widget\" data-e-type=\"widget\" data-widget_type=\"text-editor.default\">\n\t\t\t\t<div class=\"elementor-widget-container\">\n\t\t\t\t\t\t\t\t\t<h2>CERE O OFERT\u0102 PERSONALIZAT\u0102.<\/h2>\n\n<hr \/>\n\n\n<div class=\"wpcf7 no-js\" id=\"wpcf7-f409-o1\" lang=\"en-US\" dir=\"ltr\" data-wpcf7-id=\"409\">\n<div class=\"screen-reader-response\"><p role=\"status\" aria-live=\"polite\" aria-atomic=\"true\"><\/p> <ul><\/ul><\/div>\n<form action=\"\/mini\/wp-json\/wp\/v2\/pages\/385#wpcf7-f409-o1\" method=\"post\" class=\"wpcf7-form init\" aria-label=\"Contact form\" novalidate=\"novalidate\" data-status=\"init\">\n<fieldset class=\"hidden-fields-container\"><input type=\"hidden\" name=\"_wpcf7\" value=\"409\" \/><input type=\"hidden\" name=\"_wpcf7_version\" value=\"6.1.6\" \/><input type=\"hidden\" name=\"_wpcf7_locale\" value=\"en_US\" \/><input type=\"hidden\" name=\"_wpcf7_unit_tag\" value=\"wpcf7-f409-o1\" \/><input type=\"hidden\" name=\"_wpcf7_container_post\" value=\"0\" \/><input type=\"hidden\" name=\"_wpcf7_posted_data_hash\" value=\"\" \/><input type=\"hidden\" name=\"_wpcf7_recaptcha_response\" value=\"\" \/>\n<\/fieldset>\n<input class=\"wpcf7-form-control wpcf7-hidden\" id=\"data-vin\" value=\"\" type=\"hidden\" name=\"data-vin\" \/>\n<input class=\"wpcf7-form-control wpcf7-hidden\" id=\"numeprodus\" value=\"\" type=\"hidden\" name=\"numeprodus\" \/>\n<input class=\"wpcf7-form-control wpcf7-hidden\" value=\"MINI_electric_aug_2024\" type=\"hidden\" name=\"campanie\" \/>\n<div class=\"row\">\n\t<div class=\"col-6\">\n\t\t<h5>MODELUL DE INTERES\n\t\t<\/h5>\n\t\t<div class=\"form-group\">\n\t\t\t<p><span class=\"wpcf7-form-control-wrap\" data-name=\"codprodus\"><input size=\"40\" maxlength=\"400\" class=\"wpcf7-form-control wpcf7-text form-control\" id=\"codprodus\" aria-invalid=\"false\" value=\"\" type=\"text\" name=\"codprodus\" \/><\/span>\n\t\t\t<\/p>\n\t\t<\/div>\n\t<\/div>\n\t<div class=\"col-6\">\n\t<\/div>\n<\/div>\n<div class=\"row\">\n\t<h5 class=\"col-12\">INFORMA\u0162II PERSONALE.\n\t<\/h5>\n\t<div class=\"col-4\">\n\t\t<div class=\"form-group\">\n\t\t\t<p><label>Titlul*<span class=\"wpcf7-form-control-wrap\" data-name=\"titlu\"><select class=\"wpcf7-form-control wpcf7-select wpcf7-validates-as-required\" aria-required=\"true\" aria-invalid=\"false\" name=\"titlu\"><option value=\"\"><\/option><option value=\"Domn\">Domn<\/option><option value=\"Doamna\">Doamna<\/option><\/select><\/span><br \/>\n<\/label>\n\t\t\t<\/p>\n\t\t<\/div>\n\t<\/div>\n\t<div class=\"col-4\">\n\t\t<div class=\"form-group\">\n\t\t\t<p><label> Nume*<span class=\"wpcf7-form-control-wrap\" data-name=\"nume\"><input size=\"40\" maxlength=\"400\" class=\"wpcf7-form-control wpcf7-text wpcf7-validates-as-required form-control\" aria-required=\"true\" aria-invalid=\"false\" value=\"\" type=\"text\" name=\"nume\" \/><\/span> <\/label>\n\t\t\t<\/p>\n\t\t<\/div>\n\t<\/div>\n\t<div class=\"col-4\">\n\t\t<div class=\"form-group\">\n\t\t\t<p><label> Prenume*<span class=\"wpcf7-form-control-wrap\" data-name=\"prenume\"><input size=\"40\" maxlength=\"400\" class=\"wpcf7-form-control wpcf7-text wpcf7-validates-as-required form-control\" aria-required=\"true\" aria-invalid=\"false\" value=\"\" type=\"text\" name=\"prenume\" \/><\/span> <\/label>\n\t\t\t<\/p>\n\t\t<\/div>\n\t<\/div>\n\t<div class=\"col-6\">\n\t\t<div class=\"form-group\">\n\t\t\t<p><label> Num\u0103r de telefon*<span class=\"wpcf7-form-control-wrap\" data-name=\"telefon\"><input size=\"40\" maxlength=\"400\" class=\"wpcf7-form-control wpcf7-text wpcf7-validates-as-required form-control\" aria-required=\"true\" aria-invalid=\"false\" value=\"\" type=\"text\" name=\"telefon\" \/><\/span> <\/label>\n\t\t\t<\/p>\n\t\t<\/div>\n\t<\/div>\n\t<div class=\"col-6\">\n\t\t<div class=\"form-group\">\n\t\t\t<p><label> Adres\u0103 de email*<span class=\"wpcf7-form-control-wrap\" data-name=\"email\"><input size=\"40\" maxlength=\"400\" class=\"wpcf7-form-control wpcf7-email wpcf7-validates-as-required wpcf7-text wpcf7-validates-as-email form-control\" aria-required=\"true\" aria-invalid=\"false\" value=\"\" type=\"email\" name=\"email\" \/><\/span> <\/label>\n\t\t\t<\/p>\n\t\t<\/div>\n\t<\/div>\n\t<div class=\"col-6\">\n\t\t<div class=\"form-group\">\n\t\t\t<p><label> Localitate*<span class=\"wpcf7-form-control-wrap\" data-name=\"localitate\"><input size=\"40\" maxlength=\"400\" class=\"wpcf7-form-control wpcf7-text wpcf7-validates-as-required form-control\" aria-required=\"true\" aria-invalid=\"false\" value=\"\" type=\"text\" name=\"localitate\" \/><\/span> <\/label>\n\t\t\t<\/p>\n\t\t<\/div>\n\t<\/div>\n\t<div class=\"col-6\">\n\t<\/div>\n<\/div>\n<div class=\"row\">\n\t<h5 class=\"col-12\">SPUNE-NE CE MA\u0218IN\u0102 CONDUCI \u00ceN PREZENT.\n\t<\/h5>\n\t<div class=\"col-4\">\n\t\t<div class=\"form-group\">\n\t\t\t<p><span class=\"wpcf7-form-control-wrap\" data-name=\"masina-actuala\"><input size=\"40\" maxlength=\"400\" class=\"wpcf7-form-control wpcf7-text form-control\" aria-invalid=\"false\" placeholder=\"Model\" value=\"\" type=\"text\" name=\"masina-actuala\" \/><\/span>\n\t\t\t<\/p>\n\t\t<\/div>\n\t<\/div>\n\t<div class=\"col-4\">\n\t\t<div class=\"form-group\">\n\t\t\t<p><span class=\"wpcf7-form-control-wrap\" data-name=\"an-fabricatie\"><input size=\"40\" maxlength=\"400\" class=\"wpcf7-form-control wpcf7-text form-control\" aria-invalid=\"false\" placeholder=\"Anul de fabrica\u021bie\" value=\"\" type=\"text\" name=\"an-fabricatie\" \/><\/span>\n\t\t\t<\/p>\n\t\t<\/div>\n\t<\/div>\n\t<div class=\"col-4\">\n\t\t<div class=\"form-group\">\n\t\t\t<p><span style=\"display: block; margin-top: -5px;\">Dore\u0219ti buy-back?<\/span><span class=\"wpcf7-form-control-wrap\" data-name=\"buy-in\"><span class=\"wpcf7-form-control wpcf7-checkbox\"><span class=\"wpcf7-list-item first\"><label><input type=\"checkbox\" name=\"buy-in[]\" value=\"Da\" \/><span class=\"wpcf7-list-item-label\">Da<\/span><\/label><\/span><span class=\"wpcf7-list-item last\"><label><input type=\"checkbox\" name=\"buy-in[]\" value=\"Nu\" \/><span class=\"wpcf7-list-item-label\">Nu<\/span><\/label><\/span><\/span><\/span>\n\t\t\t<\/p>\n\t\t<\/div>\n\t<\/div>\n<\/div>\n<div class=\"row\">\n\t<div class=\"col-md-12 gdpr-checkbox\">\n\t\t<h5>Consim\u021b\u0103m\u00e2ntul meu cu privire la comunicarea de marketing\n\t\t<\/h5>\n\t\t<div class=\"bmw-consent\">\n\t\t\t<p><label><span class=\"wpcf7-form-control-wrap\" data-name=\"notifmarketing-toate\"><span class=\"wpcf7-form-control wpcf7-checkbox\"><span class=\"wpcf7-list-item first last\"><input type=\"checkbox\" name=\"notifmarketing-toate[]\" value=\"Bifeaz\u0103 tot\" \/><span class=\"wpcf7-list-item-label\">Bifeaz\u0103 tot<\/span><\/span><\/span><\/span><\/label>\n\t\t\t<\/p>\n\t\t<\/div>\n <!-- \/.bmw-consent-->\n\t\t<p>Doresc s\u0103 primesc comunic\u0103ri de marketing de la Automobile Bavaria prin:\n\t\t<\/p>\n\t\t<div class=\"bmw-consent\">\n\t\t\t<p><label><span class=\"wpcf7-form-control-wrap\" data-name=\"notificari-marketing-telefon\"><span class=\"wpcf7-form-control wpcf7-checkbox\"><span class=\"wpcf7-list-item first last\"><input type=\"checkbox\" name=\"notificari-marketing-telefon[]\" value=\"Telefon\" \/><span class=\"wpcf7-list-item-label\">Telefon<\/span><\/span><\/span><\/span><\/label>\n\t\t\t<\/p>\n\t\t<\/div>\n <!-- \/.bmw-consent-->\n\t\t<div class=\"bmw-consent\">\n\t\t\t<p><label><span class=\"wpcf7-form-control-wrap\" data-name=\"notificari-marketing-email\"><span class=\"wpcf7-form-control wpcf7-checkbox\"><span class=\"wpcf7-list-item first last\"><input type=\"checkbox\" name=\"notificari-marketing-email[]\" value=\"E-mail\" \/><span class=\"wpcf7-list-item-label\">E-mail<\/span><\/span><\/span><\/span><\/label>\n\t\t\t<\/p>\n\t\t<\/div>\n <!-- \/.bmw-consent-->\n\t\t<div class=\"bmw-consent\">\n\t\t\t<p><label><span class=\"wpcf7-form-control-wrap\" data-name=\"notificari-marketing-sms\"><span class=\"wpcf7-form-control wpcf7-checkbox\"><span class=\"wpcf7-list-item first last\"><input type=\"checkbox\" name=\"notificari-marketing-sms[]\" value=\"Servicii de mesagerie (SMS)\" \/><span class=\"wpcf7-list-item-label\">Servicii de mesagerie (SMS)<\/span><\/span><\/span><\/span><\/label>\n\t\t\t<\/p>\n\t\t<\/div>\n <!-- \/.bmw-consent-->\n\t\t<div class=\"bmw-consent\">\n\t\t\t<p><label><span class=\"wpcf7-form-control-wrap\" data-name=\"notificari-marketing-newsletter\"><span class=\"wpcf7-form-control wpcf7-checkbox\"><span class=\"wpcf7-list-item first last\"><input type=\"checkbox\" name=\"notificari-marketing-newsletter[]\" value=\"Newsletter\" \/><span class=\"wpcf7-list-item-label\">Newsletter<\/span><\/span><\/span><\/span><\/label>\n\t\t\t<\/p>\n\t\t<\/div>\n <!-- \/.bmw-consent-->\n\t\t<p><a href=\"https:\/\/bmw-bavaria.ro\/politica-de-protectie-datelor-cu-caracter-personal\/\" style=\"margin: 2em 0 1em; line-height: 1.1em; color: #000; font-size: 17px; font-weight: 700; text-transform: uppercase; font-family: \"mini serif\",serif; letter-spacing: 1px;text-decoration: underline;\">Politica de confiden\u021bialitate Automobile Bavaria<\/a>\n\t\t<\/p>\n\t<\/div>\n<\/div>\n<div class=\"row mt-3\">\n\t<div class=\"col-6\">\n\t\t<p><input class=\"wpcf7-form-control wpcf7-submit has-spinner btn btn-primary btn-bmw\" type=\"submit\" value=\"Trimite\" \/>\n\t\t<\/p>\n\t<\/div>\n<\/div><div class=\"wpcf7-response-output\" aria-hidden=\"true\"><\/div>\n<\/form>\n<\/div>\n\t\t\t\t\t\t\t\t<\/div>\n\t\t\t\t<\/div>\n\t\t\t\t\t<\/div>\n\t\t\t\t<\/div>\n\t\t\t\t<\/div>\n\t\t","protected":false},"excerpt":{"rendered":"<p>ALEGE MINI ELECTRIC. DE LA 19,800 EURO+TVA, CU ECOTICHET. LIVRARE RAPIDA DIN STOC. VEZI OFERTELE >ALEGE MINI ELECTRIC. DE LA 19,800 EURO+TVA, CU ECOTICHET. LIVRARE RAPIDA DIN STOC. VEZI OFERTELE *Pre\u021bul final este calculat prin sc\u0103derea din pre\u021bul standard a contravalorii \u00een euro a ecotichetului \u00een valoare de 37.000 lei (prin Programul Rabla 2025), aferent [&hellip;]<\/p>\n","protected":false},"author":1,"featured_media":0,"parent":0,"menu_order":0,"comment_status":"closed","ping_status":"closed","template":"","meta":{"_acf_changed":false,"footnotes":""},"class_list":["post-385","page","type-page","status-publish","hentry"],"acf":[],"_links":{"self":[{"href":"https:\/\/automobilebavaria.ro\/mini\/wp-json\/wp\/v2\/pages\/385","targetHints":{"allow":["GET"]}}],"collection":[{"href":"https:\/\/automobilebavaria.ro\/mini\/wp-json\/wp\/v2\/pages"}],"about":[{"href":"https:\/\/automobilebavaria.ro\/mini\/wp-json\/wp\/v2\/types\/page"}],"author":[{"embeddable":true,"href":"https:\/\/automobilebavaria.ro\/mini\/wp-json\/wp\/v2\/users\/1"}],"replies":[{"embeddable":true,"href":"https:\/\/automobilebavaria.ro\/mini\/wp-json\/wp\/v2\/comments?post=385"}],"version-history":[{"count":166,"href":"https:\/\/automobilebavaria.ro\/mini\/wp-json\/wp\/v2\/pages\/385\/revisions"}],"predecessor-version":[{"id":1098,"href":"https:\/\/automobilebavaria.ro\/mini\/wp-json\/wp\/v2\/pages\/385\/revisions\/1098"}],"wp:attachment":[{"href":"https:\/\/automobilebavaria.ro\/mini\/wp-json\/wp\/v2\/media?parent=385"}],"curies":[{"name":"wp","href":"https:\/\/api.w.org\/{rel}","templated":true}]}}